{"id":15894,"date":"2025-01-10T16:04:00","date_gmt":"2025-01-10T16:04:00","guid":{"rendered":"https:\/\/www.searchpatharabia.com\/?page_id=15894"},"modified":"2026-04-20T15:02:42","modified_gmt":"2026-04-20T15:02:42","slug":"a-propos-de-nous-searchpath-arabia-un-premier-cabinet-de-recrutement","status":"publish","type":"page","link":"https:\/\/www.searchpatharabia.com\/fr\/a-propos-de-nous-searchpath-arabia-un-premier-cabinet-de-recrutement\/","title":{"rendered":"\u00c0 propos de nous"},"content":{"rendered":"<div data-elementor-type=\"wp-page\" data-elementor-id=\"15894\" class=\"elementor elementor-15894\" data-elementor-post-type=\"page\">\n\t\t\t\t<div data-dce-background-image-url=\"https:\/\/www.searchpatharabia.com\/wp-content\/uploads\/2025\/01\/about-banners-min.jpg\" class=\"elementor-element elementor-element-dd7bc63 e-con-full e-flex e-con e-parent\" data-id=\"dd7bc63\" data-element_type=\"container\" data-e-type=\"container\" data-settings=\"{&quot;background_background&quot;:&quot;classic&quot;}\">\n\t\t\t\t<div class=\"elementor-element elementor-element-c309add elementor-widget elementor-widget-heading\" data-id=\"c309add\" data-element_type=\"widget\" data-e-type=\"widget\" data-widget_type=\"heading.default\">\n\t\t\t\t\t<h1 class=\"elementor-heading-title elementor-size-default\">\u00c0 propos de nous <\/h1>\t\t\t\t<\/div>\n\t\t\t\t<\/div>\n\t\t<div class=\"elementor-element elementor-element-f469d1b e-con-full e-flex e-con e-parent\" data-id=\"f469d1b\" data-element_type=\"container\" data-e-type=\"container\">\n\t\t<div class=\"elementor-element elementor-element-cba1232 e-con-full e-flex e-con e-child\" data-id=\"cba1232\" data-element_type=\"container\" data-e-type=\"container\">\n\t\t\t\t<div class=\"elementor-element elementor-element-68ba7f6 elementor-widget elementor-widget-heading\" data-id=\"68ba7f6\" data-element_type=\"widget\" data-e-type=\"widget\" data-widget_type=\"heading.default\">\n\t\t\t\t\t<h2 class=\"elementor-heading-title elementor-size-default\">About Us | SearchPath Arabia \u2013 A Premier Recruitment Firm<\/h2>\t\t\t\t<\/div>\n\t\t\t\t<div class=\"elementor-element elementor-element-5f6064c elementor-widget elementor-widget-heading\" data-id=\"5f6064c\" data-element_type=\"widget\" data-e-type=\"widget\" data-widget_type=\"heading.default\">\n\t\t\t\t\t<h2 class=\"elementor-heading-title elementor-size-default\">Our Mission<\/h2>\t\t\t\t<\/div>\n\t\t\t\t<div class=\"elementor-element elementor-element-8c7845c elementor-widget elementor-widget-heading\" data-id=\"8c7845c\" data-element_type=\"widget\" data-e-type=\"widget\" data-widget_type=\"heading.default\">\n\t\t\t\t\t<p class=\"elementor-heading-title elementor-size-default\">About Us | SearchPath Arabia \u2013 A Premier Recruitment Firm<\/p>\t\t\t\t<\/div>\n\t\t\t\t<div class=\"elementor-element elementor-element-93d6f40 elementor-widget__width-initial elementor-widget elementor-widget-text-editor\" data-id=\"93d6f40\" data-element_type=\"widget\" data-e-type=\"widget\" data-widget_type=\"text-editor.default\">\n\t\t\t\t\t\t\t\t\t<p>Chez Searchpath Arabia, nous comprenons le r\u00f4le essentiel que joue le talent dans le succ\u00e8s de toute organisation. Notre mission est d\u2019identifier, d\u2019attirer et de retenir des talents exceptionnels qui feront progresser les entreprises de nos clients et assureront un succ\u00e8s durable dans un march\u00e9 concurrentiel. Faites-nous confiance pour \u00eatre votre partenaire strat\u00e9gique dans la constitution d\u2019\u00e9quipes performantes qui propulsent votre organisation vers de nouveaux sommets.<\/p>\t\t\t\t\t\t\t\t<\/div>\n\t\t\t\t<\/div>\n\t\t<div class=\"elementor-element elementor-element-f10a234 e-con-full e-flex e-con e-child\" data-id=\"f10a234\" data-element_type=\"container\" data-e-type=\"container\">\n\t\t\t\t<div class=\"elementor-element elementor-element-41b616e elementor-widget elementor-widget-image\" data-id=\"41b616e\" data-element_type=\"widget\" data-e-type=\"widget\" data-widget_type=\"image.default\">\n\t\t\t\t\t\t\t\t\t\t\t\t\t\t\t<img fetchpriority=\"high\" decoding=\"async\" width=\"800\" height=\"700\" src=\"https:\/\/www.searchpatharabia.com\/wp-content\/uploads\/2025\/01\/our-mission-min.png\" class=\"attachment-large size-large wp-image-16152\" alt=\"SearchPath Arabia, A Premier Recruitment Firm\" srcset=\"https:\/\/www.searchpatharabia.com\/wp-content\/uploads\/2025\/01\/our-mission-min.png 800w, https:\/\/www.searchpatharabia.com\/wp-content\/uploads\/2025\/01\/our-mission-min-300x263.png 300w, https:\/\/www.searchpatharabia.com\/wp-content\/uploads\/2025\/01\/our-mission-min-768x672.png 768w, https:\/\/www.searchpatharabia.com\/wp-content\/uploads\/2025\/01\/our-mission-min-14x12.png 14w\" sizes=\"(max-width: 800px) 100vw, 800px\" \/>\t\t\t\t\t\t\t\t\t\t\t\t\t\t\t<\/div>\n\t\t\t\t<\/div>\n\t\t\t\t<\/div>\n\t\t<div class=\"elementor-element elementor-element-3b80007 e-con-full e-flex e-con e-parent\" data-id=\"3b80007\" data-element_type=\"container\" data-e-type=\"container\" data-settings=\"{&quot;background_background&quot;:&quot;classic&quot;}\">\n\t\t<div class=\"elementor-element elementor-element-c46e8dd e-con-full e-flex e-con e-child\" data-id=\"c46e8dd\" data-element_type=\"container\" data-e-type=\"container\">\n\t\t\t\t<div class=\"elementor-element elementor-element-5f7aa4a elementor-widget elementor-widget-heading\" data-id=\"5f7aa4a\" data-element_type=\"widget\" data-e-type=\"widget\" data-widget_type=\"heading.default\">\n\t\t\t\t\t<h2 class=\"elementor-heading-title elementor-size-default\">About Us | SearchPath Arabia \u2013 A Premier Recruitment Firm<\/h2>\t\t\t\t<\/div>\n\t\t\t\t<div class=\"elementor-element elementor-element-0d70b3e elementor-widget elementor-widget-heading\" data-id=\"0d70b3e\" data-element_type=\"widget\" data-e-type=\"widget\" data-widget_type=\"heading.default\">\n\t\t\t\t\t<h2 class=\"elementor-heading-title elementor-size-default\">Pourquoi Choisir <br>SearchPath <span>Arabia<\/span><\/h2>\t\t\t\t<\/div>\n\t\t\t\t<div class=\"elementor-element elementor-element-b7c08cf elementor-widget__width-initial elementor-widget elementor-widget-text-editor\" data-id=\"b7c08cf\" data-element_type=\"widget\" data-e-type=\"widget\" data-widget_type=\"text-editor.default\">\n\t\t\t\t\t\t\t\t\t<p>Nous comprenons le r\u00f4le essentiel que jouent les meilleurs talents dans le succ\u00e8s de toute organisation. Dans le paysage commercial dynamique d\u2019aujourd\u2019hui, nous nous engageons \u00e0 \u00eatre le premier cabinet de recrutement \u00e0 mettre en relation les talents qui d\u00e9finissent le succ\u00e8s avec des entreprises leaders au Moyen-Orient et en Afrique.<br \/>Nous apportons de l'exp\u00e9rience, de la technologie et une port\u00e9e mondiale qui nous permettent d'identifier, d'attirer et de recruter des professionnels d\u00e9terminants du succ\u00e8s dans les plus brefs d\u00e9lais.<\/p>\t\t\t\t\t\t\t\t<\/div>\n\t\t\t\t<div class=\"elementor-element elementor-element-e649b7a elementor-widget__width-initial elementor-widget elementor-widget-text-editor\" data-id=\"e649b7a\" data-element_type=\"widget\" data-e-type=\"widget\" data-widget_type=\"text-editor.default\">\n\t\t\t\t\t\t\t\t\tSearchPath Arabia est une soci\u00e9t\u00e9 de services professionnels d'acquisition de talents qui aide ses clients \u00e0 identifier, attirer, recruter et retenir les meilleurs talents pour leurs op\u00e9rations au Moyen-Orient et en Afrique. \t\t\t\t\t\t\t\t<\/div>\n\t\t\t\t<\/div>\n\t\t<div class=\"elementor-element elementor-element-09793f6 e-con-full e-flex e-con e-child\" data-id=\"09793f6\" data-element_type=\"container\" data-e-type=\"container\">\n\t\t\t\t<div class=\"elementor-element elementor-element-1d63714 elementor-widget elementor-widget-image\" data-id=\"1d63714\" data-element_type=\"widget\" data-e-type=\"widget\" data-widget_type=\"image.default\">\n\t\t\t\t\t\t\t\t\t\t\t\t\t\t\t<img decoding=\"async\" width=\"700\" height=\"700\" src=\"https:\/\/www.searchpatharabia.com\/wp-content\/uploads\/2025\/01\/whychooseus-min.png\" class=\"attachment-large size-large wp-image-16154\" alt=\"SearchPath Arabia | SearchPath Arabia - The recruitment specialists- why choose us img\" srcset=\"https:\/\/www.searchpatharabia.com\/wp-content\/uploads\/2025\/01\/whychooseus-min.png 700w, https:\/\/www.searchpatharabia.com\/wp-content\/uploads\/2025\/01\/whychooseus-min-300x300.png 300w, https:\/\/www.searchpatharabia.com\/wp-content\/uploads\/2025\/01\/whychooseus-min-150x150.png 150w, https:\/\/www.searchpatharabia.com\/wp-content\/uploads\/2025\/01\/whychooseus-min-12x12.png 12w\" sizes=\"(max-width: 700px) 100vw, 700px\" \/>\t\t\t\t\t\t\t\t\t\t\t\t\t\t\t<\/div>\n\t\t\t\t<div class=\"elementor-element elementor-element-6005378 elementor-widget__width-initial elementor-widget elementor-widget-text-editor\" data-id=\"6005378\" data-element_type=\"widget\" data-e-type=\"widget\" data-widget_type=\"text-editor.default\">\n\t\t\t\t\t\t\t\t\tWe combine a worldwide network with a nuanced understanding of the Middle East &amp; Africa\u2019s market dynamics to find the right talent for your organization. \t\t\t\t\t\t\t\t<\/div>\n\t\t\t\t<div class=\"elementor-element elementor-element-df68638 elementor-widget__width-initial elementor-widget elementor-widget-text-editor\" data-id=\"df68638\" data-element_type=\"widget\" data-e-type=\"widget\" data-widget_type=\"text-editor.default\">\n\t\t\t\t\t\t\t\t\t<p>Nous proposons des solutions centr\u00e9es sur le client et \u00e9conomiquement avantageuses, con\u00e7ues pour mettre en place la main-d'\u0153uvre, l'expertise, les outils, les technologies et les programmes n\u00e9cessaires afin d'aider les clients \u00e0 am\u00e9liorer leurs processus de recrutement et de s\u00e9lection, et \u00e0 attirer les meilleurs talents dans leurs organisations lorsqu'il s'agit de pourvoir plusieurs postes.<\/p>\t\t\t\t\t\t\t\t<\/div>\n\t\t\t\t<div class=\"elementor-element elementor-element-222f017 elementor-widget__width-initial elementor-widget elementor-widget-text-editor\" data-id=\"222f017\" data-element_type=\"widget\" data-e-type=\"widget\" data-widget_type=\"text-editor.default\">\n\t\t\t\t\t\t\t\t\tSearchPath Arabia present our client with various recruitment and staffing options designed to give them the flexibility of bringing on board the Talent needed to work on a temporary\/interim\/freelance basis on well defined projects within a set and agreed time frame. \t\t\t\t\t\t\t\t<\/div>\n\t\t\t\t<div class=\"elementor-element elementor-element-77bc4de elementor-widget__width-initial elementor-widget elementor-widget-text-editor\" data-id=\"77bc4de\" data-element_type=\"widget\" data-e-type=\"widget\" data-widget_type=\"text-editor.default\">\n\t\t\t\t\t\t\t\t\tSearchPath Arabia are committed to delivering highly qualified candidates in the shortest possible time without compromising on quality.\t\t\t\t\t\t\t\t<\/div>\n\t\t\t\t<div class=\"elementor-element elementor-element-403d39a elementor-widget__width-initial elementor-widget elementor-widget-text-editor\" data-id=\"403d39a\" data-element_type=\"widget\" data-e-type=\"widget\" data-widget_type=\"text-editor.default\">\n\t\t\t\t\t\t\t\t\tOur team brings deep industry knowledge and years of experience, ensuring we deliver results that align with your unique business needs.\nContact us on <a href=\"mailto:info@searchpatharabia.com\">info@searchpatharabia.com<\/a> \t\t\t\t\t\t\t\t<\/div>\n\t\t\t\t<\/div>\n\t\t\t\t<\/div>\n\t\t\t\t<\/div>","protected":false},"excerpt":{"rendered":"<p>About Us About Us | SearchPath Arabia \u2013 A Premier Recruitment Firm Our Mission About Us | SearchPath Arabia \u2013 A Premier Recruitment Firm At Searchpath Arabia, we understand the critical role that talent plays in the success of any organization. Our mission is to identify, attract, and retain exceptional talent that will drive our [&hellip;]<\/p>\n","protected":false},"author":3,"featured_media":0,"parent":0,"menu_order":0,"comment_status":"closed","ping_status":"closed","template":"","meta":{"_acf_changed":false,"_monsterinsights_skip_tracking":false,"_monsterinsights_sitenote_active":false,"_monsterinsights_sitenote_note":"","_monsterinsights_sitenote_category":0,"footnotes":""},"class_list":["post-15894","page","type-page","status-publish","hentry"],"acf":[],"aioseo_notices":[],"_links":{"self":[{"href":"https:\/\/www.searchpatharabia.com\/fr\/wp-json\/wp\/v2\/pages\/15894","targetHints":{"allow":["GET"]}}],"collection":[{"href":"https:\/\/www.searchpatharabia.com\/fr\/wp-json\/wp\/v2\/pages"}],"about":[{"href":"https:\/\/www.searchpatharabia.com\/fr\/wp-json\/wp\/v2\/types\/page"}],"author":[{"embeddable":true,"href":"https:\/\/www.searchpatharabia.com\/fr\/wp-json\/wp\/v2\/users\/3"}],"replies":[{"embeddable":true,"href":"https:\/\/www.searchpatharabia.com\/fr\/wp-json\/wp\/v2\/comments?post=15894"}],"version-history":[{"count":12,"href":"https:\/\/www.searchpatharabia.com\/fr\/wp-json\/wp\/v2\/pages\/15894\/revisions"}],"predecessor-version":[{"id":17687,"href":"https:\/\/www.searchpatharabia.com\/fr\/wp-json\/wp\/v2\/pages\/15894\/revisions\/17687"}],"wp:attachment":[{"href":"https:\/\/www.searchpatharabia.com\/fr\/wp-json\/wp\/v2\/media?parent=15894"}],"curies":[{"name":"wp","href":"https:\/\/api.w.org\/{rel}","templated":true}]}}