{"id":15910,"date":"2025-01-10T16:40:04","date_gmt":"2025-01-10T16:40:04","guid":{"rendered":"https:\/\/www.searchpatharabia.com\/?page_id=15910"},"modified":"2026-04-14T23:09:01","modified_gmt":"2026-04-14T23:09:01","slug":"services-de-recrutement","status":"publish","type":"page","link":"https:\/\/www.searchpatharabia.com\/fr\/services-de-recrutement\/","title":{"rendered":"Nos Services"},"content":{"rendered":"<div data-elementor-type=\"wp-page\" data-elementor-id=\"15910\" class=\"elementor elementor-15910\" data-elementor-post-type=\"page\">\n\t\t\t\t<div data-dce-background-image-url=\"https:\/\/www.searchpatharabia.com\/wp-content\/uploads\/2025\/01\/about-banners-min.jpg\" class=\"elementor-element elementor-element-68208a7 e-con-full e-flex e-con e-parent\" data-id=\"68208a7\" data-element_type=\"container\" data-e-type=\"container\" data-settings=\"{&quot;background_background&quot;:&quot;classic&quot;}\">\n\t\t\t\t<div class=\"elementor-element elementor-element-d7486a1 elementor-widget elementor-widget-heading\" data-id=\"d7486a1\" data-element_type=\"widget\" data-e-type=\"widget\" data-widget_type=\"heading.default\">\n\t\t\t\t\t<h1 class=\"elementor-heading-title elementor-size-default\">Services de recrutement de SearchPath Arabia<\/h1>\t\t\t\t<\/div>\n\t\t\t\t<div class=\"elementor-element elementor-element-26d5ed1 elementor-widget elementor-widget-heading\" data-id=\"26d5ed1\" data-element_type=\"widget\" data-e-type=\"widget\" data-widget_type=\"heading.default\">\n\t\t\t\t\t<h1 class=\"elementor-heading-title elementor-size-default\">Nos Services<\/h1>\t\t\t\t<\/div>\n\t\t\t\t<\/div>\n\t\t<div class=\"elementor-element elementor-element-c5a0cb7 e-con-full e-flex e-con e-parent\" data-id=\"c5a0cb7\" data-element_type=\"container\" data-e-type=\"container\">\n\t\t<div class=\"elementor-element elementor-element-600b6d0 e-con-full e-flex e-con e-child\" data-id=\"600b6d0\" data-element_type=\"container\" data-e-type=\"container\">\n\t\t\t\t<div class=\"elementor-element elementor-element-2f671b1 elementor-widget elementor-widget-heading\" data-id=\"2f671b1\" data-element_type=\"widget\" data-e-type=\"widget\" data-widget_type=\"heading.default\">\n\t\t\t\t\t<p class=\"elementor-heading-title elementor-size-default\">Services de recrutement de SearchPath Arabia<\/p>\t\t\t\t<\/div>\n\t\t\t\t<div class=\"elementor-element elementor-element-6bee32a elementor-widget elementor-widget-heading\" data-id=\"6bee32a\" data-element_type=\"widget\" data-e-type=\"widget\" data-widget_type=\"heading.default\">\n\t\t\t\t\t<h2 class=\"elementor-heading-title elementor-size-default\">Recherche de Cadres<\/h2>\t\t\t\t<\/div>\n\t\t\t\t<div class=\"elementor-element elementor-element-4d86ce0 elementor-widget__width-initial elementor-widget elementor-widget-text-editor\" data-id=\"4d86ce0\" data-element_type=\"widget\" data-e-type=\"widget\" data-widget_type=\"text-editor.default\">\n\t\t\t\t\t\t\t\t\t<p>Nous suivons un processus rigoureux pour rechercher, s\u00e9lectionner et recruter les meilleurs candidats du monde entier. De plus, notre \u00e9quipe exp\u00e9riment\u00e9e utilise une technologie de pointe pour piloter et soutenir chaque \u00e9tape du processus.<\/p>\t\t\t\t\t\t\t\t<\/div>\n\t\t\t\t<\/div>\n\t\t<div class=\"elementor-element elementor-element-c6fe514 e-con-full e-flex e-con e-child\" data-id=\"c6fe514\" data-element_type=\"container\" data-e-type=\"container\">\n\t\t\t\t<div class=\"elementor-element elementor-element-b5a70a7 elementor-widget elementor-widget-image\" data-id=\"b5a70a7\" data-element_type=\"widget\" data-e-type=\"widget\" data-widget_type=\"image.default\">\n\t\t\t\t\t\t\t\t\t\t\t\t\t\t\t<img fetchpriority=\"high\" decoding=\"async\" width=\"520\" height=\"344\" src=\"https:\/\/www.searchpatharabia.com\/wp-content\/uploads\/2025\/01\/executive-search-min.jpg\" class=\"attachment-full size-full wp-image-16262\" alt=\"SearchPath Arabia&#039;s Recruitment Services - Executive search Img\" srcset=\"https:\/\/www.searchpatharabia.com\/wp-content\/uploads\/2025\/01\/executive-search-min.jpg 520w, https:\/\/www.searchpatharabia.com\/wp-content\/uploads\/2025\/01\/executive-search-min-300x198.jpg 300w, https:\/\/www.searchpatharabia.com\/wp-content\/uploads\/2025\/01\/executive-search-min-18x12.jpg 18w\" sizes=\"(max-width: 520px) 100vw, 520px\" \/>\t\t\t\t\t\t\t\t\t\t\t\t\t\t\t<\/div>\n\t\t\t\t<\/div>\n\t\t\t\t<\/div>\n\t\t<div data-dce-background-color=\"#F3F3F3\" class=\"elementor-element elementor-element-721aa94 e-con-full e-flex e-con e-parent\" data-id=\"721aa94\" data-element_type=\"container\" data-e-type=\"container\" data-settings=\"{&quot;background_background&quot;:&quot;classic&quot;}\">\n\t\t<div class=\"elementor-element elementor-element-b4d1a73 e-con-full e-flex e-con e-child\" data-id=\"b4d1a73\" data-element_type=\"container\" data-e-type=\"container\">\n\t\t\t\t<div class=\"elementor-element elementor-element-bf6bd53 elementor-widget elementor-widget-heading\" data-id=\"bf6bd53\" data-element_type=\"widget\" data-e-type=\"widget\" data-widget_type=\"heading.default\">\n\t\t\t\t\t<h2 class=\"elementor-heading-title elementor-size-default\">Services de recrutement de SearchPath Arabia<\/h2>\t\t\t\t<\/div>\n\t\t\t\t<div class=\"elementor-element elementor-element-4833f11 elementor-widget elementor-widget-heading\" data-id=\"4833f11\" data-element_type=\"widget\" data-e-type=\"widget\" data-widget_type=\"heading.default\">\n\t\t\t\t\t<h2 class=\"elementor-heading-title elementor-size-default\">Externalisation du Processus de Recrutement<\/h2>\t\t\t\t<\/div>\n\t\t\t\t<div class=\"elementor-element elementor-element-2017cdb elementor-widget__width-initial elementor-widget elementor-widget-text-editor\" data-id=\"2017cdb\" data-element_type=\"widget\" data-e-type=\"widget\" data-widget_type=\"text-editor.default\">\n\t\t\t\t\t\t\t\t\t<p>Nous fournissons des solutions rentables et centr\u00e9es sur le client, adapt\u00e9es pour mettre en place la main-d'\u0153uvre, l'expertise, les outils, la technologie et les activit\u00e9s n\u00e9cessaires. De plus, ces solutions aident les clients \u00e0 am\u00e9liorer leurs processus de recrutement et de s\u00e9lection et \u00e0 attirer les meilleurs talents dans leur organisation lorsque plusieurs postes doivent \u00eatre pourvus.<\/p>\t\t\t\t\t\t\t\t<\/div>\n\t\t\t\t<\/div>\n\t\t<div class=\"elementor-element elementor-element-c153275 e-con-full e-flex e-con e-child\" data-id=\"c153275\" data-element_type=\"container\" data-e-type=\"container\">\n\t\t\t\t<div class=\"elementor-element elementor-element-830d2ac elementor-widget elementor-widget-image\" data-id=\"830d2ac\" data-element_type=\"widget\" data-e-type=\"widget\" data-widget_type=\"image.default\">\n\t\t\t\t\t\t\t\t\t\t\t\t\t\t\t<img decoding=\"async\" width=\"786\" height=\"530\" src=\"https:\/\/www.searchpatharabia.com\/wp-content\/uploads\/2025\/01\/recruitk-min.jpg\" class=\"attachment-full size-full wp-image-16260\" alt=\"SearchPath Arabia&#039;s Recruitment Services - recruitment process outsourcing\" srcset=\"https:\/\/www.searchpatharabia.com\/wp-content\/uploads\/2025\/01\/recruitk-min.jpg 786w, https:\/\/www.searchpatharabia.com\/wp-content\/uploads\/2025\/01\/recruitk-min-300x202.jpg 300w, https:\/\/www.searchpatharabia.com\/wp-content\/uploads\/2025\/01\/recruitk-min-768x518.jpg 768w, https:\/\/www.searchpatharabia.com\/wp-content\/uploads\/2025\/01\/recruitk-min-18x12.jpg 18w\" sizes=\"(max-width: 786px) 100vw, 786px\" \/>\t\t\t\t\t\t\t\t\t\t\t\t\t\t\t<\/div>\n\t\t\t\t<\/div>\n\t\t\t\t<\/div>\n\t\t<div class=\"elementor-element elementor-element-8307c80 e-con-full e-flex e-con e-parent\" data-id=\"8307c80\" data-element_type=\"container\" data-e-type=\"container\">\n\t\t<div class=\"elementor-element elementor-element-d0b31dd e-con-full e-flex e-con e-child\" data-id=\"d0b31dd\" data-element_type=\"container\" data-e-type=\"container\">\n\t\t\t\t<div class=\"elementor-element elementor-element-131aa95 elementor-widget elementor-widget-heading\" data-id=\"131aa95\" data-element_type=\"widget\" data-e-type=\"widget\" data-widget_type=\"heading.default\">\n\t\t\t\t\t<h3 class=\"elementor-heading-title elementor-size-default\">Our Recruitment Services<\/h3>\t\t\t\t<\/div>\n\t\t\t\t<div class=\"elementor-element elementor-element-25ea60e elementor-widget elementor-widget-heading\" data-id=\"25ea60e\" data-element_type=\"widget\" data-e-type=\"widget\" data-widget_type=\"heading.default\">\n\t\t\t\t\t<h2 class=\"elementor-heading-title elementor-size-default\">Emploi Int\u00e9rimaire\/Contractuel<\/h2>\t\t\t\t<\/div>\n\t\t\t\t<div class=\"elementor-element elementor-element-a5ad74a elementor-widget__width-initial elementor-widget elementor-widget-text-editor\" data-id=\"a5ad74a\" data-element_type=\"widget\" data-e-type=\"widget\" data-widget_type=\"text-editor.default\">\n\t\t\t\t\t\t\t\t\t<p>De plus, SearchPath Arabia propose une gamme d'options de recrutement et de dotation en personnel. De plus, ces options donnent \u00e0 nos clients la flexibilit\u00e9 d\u2019embaucher rapidement les talents dont ils ont besoin. Par cons\u00e9quent, ils peuvent occuper des postes temporaires, int\u00e9rimaires ou ind\u00e9pendants dans des d\u00e9lais d\u00e9termin\u00e9s.\u00a0<\/p>\t\t\t\t\t\t\t\t<\/div>\n\t\t\t\t<\/div>\n\t\t<div class=\"elementor-element elementor-element-ef0e04d e-con-full e-flex e-con e-child\" data-id=\"ef0e04d\" data-element_type=\"container\" data-e-type=\"container\">\n\t\t\t\t<div class=\"elementor-element elementor-element-f99d736 elementor-widget elementor-widget-image\" data-id=\"f99d736\" data-element_type=\"widget\" data-e-type=\"widget\" data-widget_type=\"image.default\">\n\t\t\t\t\t\t\t\t\t\t\t\t\t\t\t<img decoding=\"async\" width=\"786\" height=\"530\" src=\"https:\/\/www.searchpatharabia.com\/wp-content\/uploads\/2025\/01\/contract-min.jpg\" class=\"attachment-full size-full wp-image-16261\" alt=\"SearchPath Arabia&#039;s Recruitment Services - The recruitment specialists - contract img\" srcset=\"https:\/\/www.searchpatharabia.com\/wp-content\/uploads\/2025\/01\/contract-min.jpg 786w, https:\/\/www.searchpatharabia.com\/wp-content\/uploads\/2025\/01\/contract-min-300x202.jpg 300w, https:\/\/www.searchpatharabia.com\/wp-content\/uploads\/2025\/01\/contract-min-768x518.jpg 768w, https:\/\/www.searchpatharabia.com\/wp-content\/uploads\/2025\/01\/contract-min-18x12.jpg 18w\" sizes=\"(max-width: 786px) 100vw, 786px\" \/>\t\t\t\t\t\t\t\t\t\t\t\t\t\t\t<\/div>\n\t\t\t\t<\/div>\n\t\t\t\t<\/div>\n\t\t<div class=\"elementor-element elementor-element-983f369 e-flex e-con-boxed e-con e-parent\" data-id=\"983f369\" data-element_type=\"container\" data-e-type=\"container\">\n\t\t\t\t\t<div class=\"e-con-inner\">\n\t\t\t\t<div class=\"elementor-element elementor-element-711cb67 elementor-widget__width-auto elementor-widget elementor-widget-button\" data-id=\"711cb67\" data-element_type=\"widget\" data-e-type=\"widget\" data-widget_type=\"button.default\">\n\t\t\t\t\t\t\t\t\t\t<a class=\"elementor-button elementor-button-link elementor-size-sm\" href=\"https:\/\/www.searchpatharabia.com\/fr\/contact\/\">\n\t\t\t\t\t\t<span class=\"elementor-button-content-wrapper\">\n\t\t\t\t\t\t\t\t\t<span class=\"elementor-button-text\">Contactez-nous<\/span>\n\t\t\t\t\t<\/span>\n\t\t\t\t\t<\/a>\n\t\t\t\t\t\t\t\t<\/div>\n\t\t\t\t\t<\/div>\n\t\t\t\t<\/div>\n\t\t\t\t<\/div>","protected":false},"excerpt":{"rendered":"<p>SearchPath Arabia&#8217;s Recruitment Services SearchPath Arabia&#8217;s Recruitment Services Executive Search We follow a thorough process to source, select, and recruit the best candidates from around the world. Furthermore, Our experienced team uses advanced technology to drive and support every step of the process. SearchPath Arabia&#8217;s Recruitment Services Recruitment Process Outsourcing We provide client-centric and cost [&hellip;]<\/p>\n","protected":false},"author":3,"featured_media":0,"parent":0,"menu_order":0,"comment_status":"closed","ping_status":"closed","template":"","meta":{"_acf_changed":false,"_monsterinsights_skip_tracking":false,"_monsterinsights_sitenote_active":false,"_monsterinsights_sitenote_note":"","_monsterinsights_sitenote_category":0,"footnotes":""},"class_list":["post-15910","page","type-page","status-publish","hentry"],"acf":[],"aioseo_notices":[],"_links":{"self":[{"href":"https:\/\/www.searchpatharabia.com\/fr\/wp-json\/wp\/v2\/pages\/15910","targetHints":{"allow":["GET"]}}],"collection":[{"href":"https:\/\/www.searchpatharabia.com\/fr\/wp-json\/wp\/v2\/pages"}],"about":[{"href":"https:\/\/www.searchpatharabia.com\/fr\/wp-json\/wp\/v2\/types\/page"}],"author":[{"embeddable":true,"href":"https:\/\/www.searchpatharabia.com\/fr\/wp-json\/wp\/v2\/users\/3"}],"replies":[{"embeddable":true,"href":"https:\/\/www.searchpatharabia.com\/fr\/wp-json\/wp\/v2\/comments?post=15910"}],"version-history":[{"count":21,"href":"https:\/\/www.searchpatharabia.com\/fr\/wp-json\/wp\/v2\/pages\/15910\/revisions"}],"predecessor-version":[{"id":17673,"href":"https:\/\/www.searchpatharabia.com\/fr\/wp-json\/wp\/v2\/pages\/15910\/revisions\/17673"}],"wp:attachment":[{"href":"https:\/\/www.searchpatharabia.com\/fr\/wp-json\/wp\/v2\/media?parent=15910"}],"curies":[{"name":"wp","href":"https:\/\/api.w.org\/{rel}","templated":true}]}}